{"id":859,"date":"2025-10-06T17:15:34","date_gmt":"2025-10-06T17:15:34","guid":{"rendered":"https:\/\/www.bej.or.at\/?page_id=859"},"modified":"2026-03-12T10:18:44","modified_gmt":"2026-03-12T10:18:44","slug":"europaclubs","status":"publish","type":"page","link":"https:\/\/www.bej.or.at\/?page_id=859","title":{"rendered":"EuropaClubs"},"content":{"rendered":"\n<figure class=\"wp-block-image size-large\"><img loading=\"lazy\" decoding=\"async\" width=\"1024\" height=\"678\" src=\"https:\/\/www.bej.or.at\/wp-content\/uploads\/2025\/10\/0_Vorderseite-4-1024x678.png\" alt=\"Jugendliche diskutieren bei einem Europaclub\" class=\"wp-image-860\" srcset=\"https:\/\/www.bej.or.at\/wp-content\/uploads\/2025\/10\/0_Vorderseite-4-1024x678.png 1024w, https:\/\/www.bej.or.at\/wp-content\/uploads\/2025\/10\/0_Vorderseite-4-300x199.png 300w, https:\/\/www.bej.or.at\/wp-content\/uploads\/2025\/10\/0_Vorderseite-4-768x508.png 768w, https:\/\/www.bej.or.at\/wp-content\/uploads\/2025\/10\/0_Vorderseite-4-1536x1017.png 1536w, https:\/\/www.bej.or.at\/wp-content\/uploads\/2025\/10\/0_Vorderseite-4-2048x1355.png 2048w\" sizes=\"auto, (max-width: 767px) 89vw, (max-width: 1000px) 54vw, (max-width: 1071px) 543px, 580px\" \/><\/figure>\n\n\n\n<h2 class=\"wp-block-heading has-text-align-center\"><strong>Was sind Europaclubs?<\/strong><\/h2>\n\n\n\n<p>EuropaClubs ist ein Projekt von Jugendlichen f\u00fcr Jugendliche. Hier setzt ihr euch engagiert und kritisch mit Europa, Politik, Demokratie und <span lang=\"en\">Active Citizenship<\/span> auseinander &#8211; begleitet und unterst\u00fctzt vom Bundesteam.<\/p>\n\n\n\n<p>Im Rahmen der EuropaClubs finden vielf\u00e4ltige Aktivit\u00e4ten zu Politischer Bildung und aktuellen Themen statt, ihr f\u00f6rdert interkulturellen Austausch und st\u00e4rkt eure pers\u00f6nliche Entwicklung. Kurz: Ihr gestaltet Europa aktiv mit &#8211; informiert, reflektiert und gemeinsam.<\/p>\n\n\n\n<h2 class=\"wp-block-heading has-text-align-center\"><strong>So funktionieren Europaclubs<\/strong><\/h2>\n\n\n\n<h3 class=\"wp-block-heading\">Koordination<\/h3>\n\n\n\n<p>EuropaClubs sind Eigeninitiativen von und f\u00fcr Jugendliche. Das Bundesteam unterst\u00fctzt Interessierte im au\u00dferschulischen wie auch schulischen Umfeld. Es f\u00f6rdert die Organisation, Durchf\u00fchrung und Finanzierung eurer eigenen Projekte &#8211; zum Beispiel Diskussionsrunden, Workshops oder Kampagnen.<\/p>\n\n\n\n<h3 class=\"wp-block-heading\">Organisation<\/h3>\n\n\n\n<p>Unser zentraler Hub ist unser <span lang=\"en\">Newsletter<\/span>. Dort findet ihr unser aktuelles Programm: Termine, aktuelle Ausschreibungen, <span lang=\"en\">Calls<\/span> f\u00fcr Projekte, <span lang=\"en\">Workshops<\/span> und <span lang=\"en\">Events<\/span> &#8211; <span lang=\"en\">online<\/span> und <span lang=\"en\">offline<\/span>. \u00dcber den <span lang=\"en\">Newsletter<\/span> erfahrt ihr, wie ihr Projekte starten und wo ihr euch interessanten <span lang=\"en\">Input<\/span> holen k\u00f6nnt.<\/p>\n\n\n\n<h3 class=\"wp-block-heading\">Vernetzung<\/h3>\n\n\n\n<p>Ebenso wichtig ist die regionale und bundesweite Vernetzung der EuropaClubs. Daf\u00fcr organisiert der Bundesverband Treffen, bei denen Erfahrungsaustausch, Kooperationen und <span lang=\"en\">Community-Building<\/span> im Mittelpunkt stehen.<\/p>\n\n\n\n<figure class=\"wp-block-image size-large\"><img loading=\"lazy\" decoding=\"async\" width=\"1024\" height=\"677\" src=\"https:\/\/www.bej.or.at\/wp-content\/uploads\/2025\/10\/0_Rueckseite-2-1024x677.png\" alt=\"\" class=\"wp-image-863\" srcset=\"https:\/\/www.bej.or.at\/wp-content\/uploads\/2025\/10\/0_Rueckseite-2-1024x677.png 1024w, https:\/\/www.bej.or.at\/wp-content\/uploads\/2025\/10\/0_Rueckseite-2-300x198.png 300w, https:\/\/www.bej.or.at\/wp-content\/uploads\/2025\/10\/0_Rueckseite-2-768x508.png 768w, https:\/\/www.bej.or.at\/wp-content\/uploads\/2025\/10\/0_Rueckseite-2-1536x1016.png 1536w, https:\/\/www.bej.or.at\/wp-content\/uploads\/2025\/10\/0_Rueckseite-2-2048x1354.png 2048w\" sizes=\"auto, (max-width: 767px) 89vw, (max-width: 1000px) 54vw, (max-width: 1071px) 543px, 580px\" \/><\/figure>\n\n\n\n<h2 class=\"wp-block-heading has-text-align-center\"><strong>Jugendliche \u00fcbernehmen Verantwortung<\/strong><\/h2>\n\n\n\n<p>Das Kernteam jedes EuropaClubs besteht aus ein bis drei &#8222;EuropaClub-<span lang=\"en\">Coordinators<\/span>&#8220; &#8211; besonders engagierten Jugendlichen, die Verantwortung \u00fcbernehmen und den Club leiten.<\/p>\n\n\n\n<p>Aufgaben: EuropaClub-<span lang=\"en\">Coordinators<\/span> koordinieren die Projekte an der Schule oder im eigenen Umfeld, behalten Planung, Durchf\u00fchrung und Finanzierung im Blick und sind die Haupt-Ansprechpersonen f\u00fcr das Bundesteam.<\/p>\n\n\n\n<p>So startet ihr: Sucht zuerst eine Gruppe interessierter Jugendlicher. Meldet euer Interesse an office@bej.or.at &#8211; Ihr erhaltet dann vom Bundesteam alle Infos und Materialien, um sofort loszulegen.<\/p>\n\n\n\n<p>Noch unsicher oder wirkt die Gr\u00fcndung eines eigenen EuropaClubs noch nicht machbar? Kein Stress. Steigt Schritt f\u00fcr Schritt ein: Besucht unsere Workshops und Events, sammelt Erfahrungen und wachst hinein. Alle Infos \u00fcber Mitmach-M\u00f6glichkeiten bekommt ihr bequem \u00fcber unseren Newsletter.<\/p>\n\n\n\n<figure class=\"wp-block-image size-large\"><img loading=\"lazy\" decoding=\"async\" width=\"1024\" height=\"473\" src=\"https:\/\/www.bej.or.at\/wp-content\/uploads\/2025\/10\/0_Rueckseite-3-1024x473.png\" alt=\"\" class=\"wp-image-864\" srcset=\"https:\/\/www.bej.or.at\/wp-content\/uploads\/2025\/10\/0_Rueckseite-3-1024x473.png 1024w, https:\/\/www.bej.or.at\/wp-content\/uploads\/2025\/10\/0_Rueckseite-3-300x139.png 300w, https:\/\/www.bej.or.at\/wp-content\/uploads\/2025\/10\/0_Rueckseite-3-768x355.png 768w, https:\/\/www.bej.or.at\/wp-content\/uploads\/2025\/10\/0_Rueckseite-3-1536x710.png 1536w, https:\/\/www.bej.or.at\/wp-content\/uploads\/2025\/10\/0_Rueckseite-3-2048x947.png 2048w\" sizes=\"auto, (max-width: 767px) 89vw, (max-width: 1000px) 54vw, (max-width: 1071px) 543px, 580px\" \/><\/figure>\n\n\n\n<h2 class=\"wp-block-heading has-text-align-center\"><strong>Was wir bieten<\/strong><\/h2>\n\n\n\n<h3 class=\"wp-block-heading\">Verwirklichung eigener Ideen<\/h3>\n\n\n\n<p>Eigeninitiative, Engagement und Neugier &#8211; genau das f\u00f6rdern wir mit den EuropaClubs. Neben der Teilnahme an Projekten bekommt ihr Raum, Unterst\u00fctzung und Budget, um eigene Ideen zu entwickeln und umzusetzen &#8211; von der kleinen Schulaktion bis zur gr\u00f6\u00dferen Kampagne. Wir begleiten euch bei der Planung, Organisation und Durchf\u00fchrung, damit auch umfangreiche Vorhaben machbar werden.<\/p>\n\n\n\n<h3 class=\"wp-block-heading\">Vernetzung<\/h3>\n\n\n\n<p>Als Teil des EuropaClubs-Projekts trefft ihr engagierte Jugendliche aus ganz \u00d6sterreich und Europa und baut direkte Kontakte zu Politiker:innen und anderen relevanten <span lang=\"en\">Stakeholdern<\/span> auf. Ihr tauscht Erfahrungen aus, startet gemeinsame Aktionen und kn\u00fcpft Netzwerke, die euch bei Projekten, Praktika und zuk\u00fcnftigen Pl\u00e4nen weiterhelfen.<\/p>\n\n\n\n<h3 class=\"wp-block-heading\"><span lang=\"en\">Workshops<\/span> und Trainings<\/h3>\n\n\n\n<p>Wir st\u00e4rken eure Skills und Pers\u00f6nlichkeitsentwicklung mit praxisnahen Angeboten: von Rhetorik \u00fcber Projekt- und <span lang=\"en\">Event<\/span>management bis zu Europa- und EU-Wissen sowie Desinformation &amp; Medienkompetenz. Das ist die ideale Erg\u00e4nzung zum Unterricht &#8211; direkt anwendbar, motivierend und relevant.<\/p>\n\n\n\n<figure class=\"wp-block-image size-large\"><img loading=\"lazy\" decoding=\"async\" width=\"1024\" height=\"292\" src=\"https:\/\/www.bej.or.at\/wp-content\/uploads\/2025\/10\/0_Vorderseite-1-1024x292.png\" alt=\"\" class=\"wp-image-865\" srcset=\"https:\/\/www.bej.or.at\/wp-content\/uploads\/2025\/10\/0_Vorderseite-1-1024x292.png 1024w, https:\/\/www.bej.or.at\/wp-content\/uploads\/2025\/10\/0_Vorderseite-1-300x86.png 300w, https:\/\/www.bej.or.at\/wp-content\/uploads\/2025\/10\/0_Vorderseite-1-768x219.png 768w, https:\/\/www.bej.or.at\/wp-content\/uploads\/2025\/10\/0_Vorderseite-1-1536x438.png 1536w, https:\/\/www.bej.or.at\/wp-content\/uploads\/2025\/10\/0_Vorderseite-1-2048x584.png 2048w\" sizes=\"auto, (max-width: 767px) 89vw, (max-width: 1000px) 54vw, (max-width: 1071px) 543px, 580px\" \/><\/figure>\n\n\n\n<p><\/p>\n","protected":false},"excerpt":{"rendered":"<p>Was sind Europaclubs? EuropaClubs ist ein Projekt von Jugendlichen f\u00fcr Jugendliche. Hier setzt ihr euch engagiert und kritisch mit Europa, Politik, Demokratie und Active Citizenship auseinander &#8211; begleitet und unterst\u00fctzt vom Bundesteam. Im Rahmen der EuropaClubs finden vielf\u00e4ltige Aktivit\u00e4ten zu Politischer Bildung und aktuellen Themen statt, ihr f\u00f6rdert interkulturellen Austausch und st\u00e4rkt eure pers\u00f6nliche Entwicklung. &hellip; <\/p>\n<p class=\"link-more\"><a href=\"https:\/\/www.bej.or.at\/?page_id=859\" class=\"more-link\"><span class=\"screen-reader-text\">\u201eEuropaClubs\u201c <\/span>weiterlesen<\/a><\/p>\n","protected":false},"author":1,"featured_media":0,"parent":0,"menu_order":0,"comment_status":"closed","ping_status":"closed","template":"","meta":{"footnotes":""},"class_list":["post-859","page","type-page","status-publish","hentry"],"_links":{"self":[{"href":"https:\/\/www.bej.or.at\/index.php?rest_route=\/wp\/v2\/pages\/859","targetHints":{"allow":["GET"]}}],"collection":[{"href":"https:\/\/www.bej.or.at\/index.php?rest_route=\/wp\/v2\/pages"}],"about":[{"href":"https:\/\/www.bej.or.at\/index.php?rest_route=\/wp\/v2\/types\/page"}],"author":[{"embeddable":true,"href":"https:\/\/www.bej.or.at\/index.php?rest_route=\/wp\/v2\/users\/1"}],"replies":[{"embeddable":true,"href":"https:\/\/www.bej.or.at\/index.php?rest_route=%2Fwp%2Fv2%2Fcomments&post=859"}],"version-history":[{"count":4,"href":"https:\/\/www.bej.or.at\/index.php?rest_route=\/wp\/v2\/pages\/859\/revisions"}],"predecessor-version":[{"id":922,"href":"https:\/\/www.bej.or.at\/index.php?rest_route=\/wp\/v2\/pages\/859\/revisions\/922"}],"wp:attachment":[{"href":"https:\/\/www.bej.or.at\/index.php?rest_route=%2Fwp%2Fv2%2Fmedia&parent=859"}],"curies":[{"name":"wp","href":"https:\/\/api.w.org\/{rel}","templated":true}]}}