{"id":3,"date":"2024-05-09T06:36:55","date_gmt":"2024-05-09T06:36:55","guid":{"rendered":"http:\/\/www.bej.or.at\/?page_id=3"},"modified":"2026-03-12T09:29:24","modified_gmt":"2026-03-12T09:29:24","slug":"privacy-policy","status":"publish","type":"page","link":"https:\/\/www.bej.or.at\/?page_id=3","title":{"rendered":"Impressum"},"content":{"rendered":"\n<h2 class=\"wp-block-heading\">Medieninhaber und Herausgeber:&nbsp;&nbsp;<\/h2>\n\n\n\n<p>Bund Europ\u00e4ischer Jugend \/ Junge Europ\u00e4ische F\u00f6deralisten (BEJ\/JEF) \u00d6sterreich&nbsp;&nbsp;<br>Lassingleithnerplatz 2\/3<br>1020 Wien<\/p>\n\n\n\n<p><a href=\"mailto:office@bej.or.at\">office@bej.or.at<\/a><\/p>\n\n\n\n<p>ZVR-Nummer: 172269251<\/p>\n\n\n\n<p>Vertretungsberechtigte Personen und verantwortlich f\u00fcr den Inhalt:<\/p>\n\n\n\n<p>Eleftheria Walzer, Bundesvorsitzende<br>Kati Schneeberger, Bundesgesch\u00e4ftsf\u00fchrerin&nbsp;&nbsp;<\/p>\n\n\n\n<p>Die gemeinn\u00fctzige Arbeit des BEJ wird gem\u00e4\u00df Bundesjugendf\u00f6rderungsgesetz vom Bundeskanzleramt unterst\u00fctzt.<\/p>\n\n\n\n<h3 class=\"wp-block-heading\">Grundlegende Richtung:<\/h3>\n\n\n\n<p>Die Webseite des BEJ\/JEF dient der Information \u00fcber Aktivit\u00e4ten und Projekte im Bereich der Jugendarbeit, die zur F\u00f6rderung der europ\u00e4ischen Idee und demokratischer Werte unter jungen Menschen in \u00d6sterreich beitragen.<\/p>\n\n\n\n<h3 class=\"wp-block-heading\">Datenschutz:<\/h3>\n\n\n\n<p>F\u00fcr detaillierte Informationen zum Datenschutz besuchen Sie bitte unsere Datenschutzrichtlinie.<\/p>\n\n\n\n<h3 class=\"wp-block-heading\">Haftungsausschluss:<\/h3>\n\n\n\n<p>Der BEJ\/JEF \u00fcbernimmt keine Haftung f\u00fcr die Inhalte externer Links, trotz sorgf\u00e4ltiger inhaltlicher Kontrolle. F\u00fcr den Inhalt der verlinkten Seiten sind ausschlie\u00dflich deren Betreiber verantwortlich. Alle innerhalb des Internetangebotes genannten und ggf. durch Dritte gesch\u00fctzten Marken- und Warenzeichen unterliegen uneingeschr\u00e4nkt den Bestimmungen des jeweils g\u00fcltigen Kennzeichenrechts und den Besitzrechten der jeweiligen eingetragenen Eigent\u00fcmer.<\/p>\n\n\n\n<h3 class=\"wp-block-heading\">Urheberrechte:<\/h3>\n\n\n\n<p>Die durch die Seitenbetreiber BEJ\/JEF erstellten Inhalte und Werke auf diesen Seiten unterliegen dem \u00f6sterreichischen Urheberrecht. Die Vervielf\u00e4ltigung, Bearbeitung, Verbreitung und jede Art der Verwertung au\u00dferhalb der Grenzen des Urheberrechtes bed\u00fcrfen der schriftlichen Zustimmung des jeweiligen Autors bzw. Erstellers.<\/p>\n\n\n\n<h3 class=\"wp-block-heading\">Bildnachweise:<\/h3>\n\n\n\n<p>Falls auf der Webseite Bilder verwendet werden, die lizenzpflichtig sind, sollten hier die Quellen und ggf. die Urheber genannt werden.<\/p>\n\n\n\n<p>&#8212;&#8212;&#8211;<\/p>\n\n\n\n<h2 class=\"wp-block-heading\">Datenschutzrichtlinie Bund Europ\u00e4ischer Jugend \/ Junge Europ\u00e4ische F\u00f6deralisten (BEJ\/JEF) \u00d6sterreich<\/h2>\n\n\n\n<h3 class=\"wp-block-heading\">1. Allgemeines<\/h3>\n\n\n\n<p>Die Sicherheit Ihrer pers\u00f6nlichen Daten ist uns ein wichtiges Anliegen. Wir verarbeiten Ihre Daten daher ausschlie\u00dflich auf Grundlage der gesetzlichen Bestimmungen (DSGVO, TKG 2003). In diesen Datenschutzinformationen informieren wir Sie \u00fcber die wichtigsten Aspekte der Datenverarbeitung im Rahmen unserer Website.<\/p>\n\n\n\n<h3 class=\"wp-block-heading\">2. Kontakt mit uns&nbsp;<\/h3>\n\n\n\n<p>Wenn Sie per Formular auf der Website oder per E-Mail Kontakt mit uns aufnehmen, werden Ihre angegebenen Daten zwecks Bearbeitung der Anfrage und f\u00fcr den Fall von Anschlussfragen sechs Monate bei uns gespeichert. Diese Daten geben wir nicht ohne Ihre Einwilligung weiter.<\/p>\n\n\n\n<h3 class=\"wp-block-heading\">3. Datenverarbeitung&nbsp;<\/h3>\n\n\n\n<p>Zur Durchf\u00fchrung und Abwicklung von Prozessen (z.B. Mitgliedsantr\u00e4ge, Newsletter-Anmeldung) verarbeiten wir die von Ihnen eingegebenen personenbezogenen Daten. Ohne diese Daten k\u00f6nnen wir Ihre Anfragen nicht bearbeiten. Eine Daten\u00fcbermittlung an Dritte erfolgt nicht, au\u00dfer dies ist zur Erf\u00fcllung unserer Verpflichtungen erforderlich oder gesetzlich\/beh\u00f6rdlich angeordnet.<\/p>\n\n\n\n<h3 class=\"wp-block-heading\">4. Cookies<\/h3>\n\n\n\n<p>Unsere Website verwendet so genannte Cookies. Dabei handelt es sich um kleine Textdateien, die mit Hilfe des Browsers auf Ihrem Endger\u00e4t abgelegt werden. Sie richten keinen Schaden an. Wir nutzen Cookies dazu, unser Angebot nutzerfreundlich zu gestalten. Einige Cookies bleiben auf Ihrem Endger\u00e4t gespeichert, bis Sie diese l\u00f6schen. Sie erm\u00f6glichen es uns, Ihren Browser beim n\u00e4chsten Besuch wiederzuerkennen. Wenn Sie dies nicht w\u00fcnschen, so k\u00f6nnen Sie Ihren Browser so einrichten, dass er Sie \u00fcber das Setzen von Cookies informiert und Sie dies nur im Einzelfall erlauben.<\/p>\n\n\n\n<h3 class=\"wp-block-heading\">5. Web-Analyse<\/h3>\n\n\n\n<p>Unsere Website verwendet Funktionen des Webanalysedienstes von WordPress. Dazu werden Cookies verwendet, die eine Analyse der Benutzung der Website durch Ihre Benutzer erm\u00f6glicht. Die dadurch erzeugten Informationen werden auf den Server des Anbieters \u00fcbertragen und dort gespeichert. Sie k\u00f6nnen dies verhindern, indem Sie Ihren Browser so einrichten, dass keine Cookies gespeichert werden.<\/p>\n\n\n\n<h3 class=\"wp-block-heading\">6. Ihre Rechte<\/h3>\n\n\n\n<p>Ihnen stehen grunds\u00e4tzlich die Rechte auf Auskunft, Berichtigung, L\u00f6schung, Einschr\u00e4nkung, Daten\u00fcbertragbarkeit, Widerruf und Widerspruch zu. Wenn Sie glauben, dass die Verarbeitung Ihrer Daten gegen das Datenschutzrecht verst\u00f6\u00dft oder Ihre datenschutzrechtlichen Anspr\u00fcche sonst in einer Weise verletzt worden sind, k\u00f6nnen Sie sich bei der Aufsichtsbeh\u00f6rde beschweren.<\/p>\n\n\n\n<h3 class=\"wp-block-heading\">7. Sie erreichen uns unter folgenden Kontaktdaten:<\/h3>\n\n\n\n<p>Bund Europ\u00e4ischer Jugend \/ Junge Europ\u00e4ische F\u00f6deralisten (BEJ\/JEF) \u00d6sterreich&nbsp;&nbsp;<br>Lassingleithnerplatz 2\/3<br>1020 Wien<\/p>\n\n\n\n<p><a href=\"mailto:office@bej.or.at\" target=\"_blank\" rel=\"noreferrer noopener\">office@bej.or.at<\/a><\/p>\n","protected":false},"excerpt":{"rendered":"<p>Medieninhaber und Herausgeber:&nbsp;&nbsp; Bund Europ\u00e4ischer Jugend \/ Junge Europ\u00e4ische F\u00f6deralisten (BEJ\/JEF) \u00d6sterreich&nbsp;&nbsp;Lassingleithnerplatz 2\/31020 Wien office@bej.or.at ZVR-Nummer: 172269251 Vertretungsberechtigte Personen und verantwortlich f\u00fcr den Inhalt: Eleftheria Walzer, BundesvorsitzendeKati Schneeberger, Bundesgesch\u00e4ftsf\u00fchrerin&nbsp;&nbsp; Die gemeinn\u00fctzige Arbeit des BEJ wird gem\u00e4\u00df Bundesjugendf\u00f6rderungsgesetz vom Bundeskanzleramt unterst\u00fctzt. Grundlegende Richtung: Die Webseite des BEJ\/JEF dient der Information \u00fcber Aktivit\u00e4ten und Projekte im Bereich &hellip; <\/p>\n<p class=\"link-more\"><a href=\"https:\/\/www.bej.or.at\/?page_id=3\" class=\"more-link\"><span class=\"screen-reader-text\">\u201eImpressum\u201c <\/span>weiterlesen<\/a><\/p>\n","protected":false},"author":1,"featured_media":0,"parent":0,"menu_order":0,"comment_status":"closed","ping_status":"open","template":"","meta":{"footnotes":""},"class_list":["post-3","page","type-page","status-publish","hentry"],"_links":{"self":[{"href":"https:\/\/www.bej.or.at\/index.php?rest_route=\/wp\/v2\/pages\/3","targetHints":{"allow":["GET"]}}],"collection":[{"href":"https:\/\/www.bej.or.at\/index.php?rest_route=\/wp\/v2\/pages"}],"about":[{"href":"https:\/\/www.bej.or.at\/index.php?rest_route=\/wp\/v2\/types\/page"}],"author":[{"embeddable":true,"href":"https:\/\/www.bej.or.at\/index.php?rest_route=\/wp\/v2\/users\/1"}],"replies":[{"embeddable":true,"href":"https:\/\/www.bej.or.at\/index.php?rest_route=%2Fwp%2Fv2%2Fcomments&post=3"}],"version-history":[{"count":5,"href":"https:\/\/www.bej.or.at\/index.php?rest_route=\/wp\/v2\/pages\/3\/revisions"}],"predecessor-version":[{"id":906,"href":"https:\/\/www.bej.or.at\/index.php?rest_route=\/wp\/v2\/pages\/3\/revisions\/906"}],"wp:attachment":[{"href":"https:\/\/www.bej.or.at\/index.php?rest_route=%2Fwp%2Fv2%2Fmedia&parent=3"}],"curies":[{"name":"wp","href":"https:\/\/api.w.org\/{rel}","templated":true}]}}