{"id":12,"date":"2024-05-09T07:44:15","date_gmt":"2024-05-09T07:44:15","guid":{"rendered":"https:\/\/www.bej.or.at\/?page_id=12"},"modified":"2026-03-12T10:34:19","modified_gmt":"2026-03-12T10:34:19","slug":"ueber-uns","status":"publish","type":"page","link":"https:\/\/www.bej.or.at\/?page_id=12","title":{"rendered":"\u00dcber uns"},"content":{"rendered":"\n<p>Der BEJ\/JEF ist eine unabh\u00e4ngige, strikt \u00fcberparteiliche, \u00fcberkonfessionelle, demokratiebildende, gemeinn\u00fctzige und pro-europ\u00e4ische Kinder- und Jugendorganisation, die eigenst\u00e4ndige Aktivit\u00e4ten von und f\u00fcr Jugendliche umsetzt. <\/p>\n\n\n\n<p>Seit fast 70 Jahren setzen wir uns \u00fcberparteilich f\u00fcr Demokratie und ein gemeinsames Zusammenleben in einem friedlich vereinten Europa ein. <\/p>\n\n\n\n<p>Der BEJ\/JEF Bundesverband wurde am 24.08.1955 errichtet und ist das \u00e4lteste und gr\u00f6\u00dfte demokratievermittelnde Europanetzwerk von jungen Menschen f\u00fcr junge Menschen in \u00d6sterreich. <\/p>\n\n\n\n<p>Zu unseren Teil-, Tochter- und Mitgliedsorganisationen geh\u00f6ren diverse Vereine, die teilweise eigene europ\u00e4ische Dachverb\u00e4nde haben, wie unter anderem die Erasmus Studierendenorganisationen wie das <a href=\"https:\/\/esnaustria.org\/\"><span lang=\"en\">Erasmus Student Network Austrian (ESN Austria)<\/span><\/a>, internationale Studierendenorganisationen wie <a href=\"https:\/\/aiesec.at\/\">AIESEC<\/a> oder <a href=\"https:\/\/aegee-wien.org\/\">AEGEE<\/a>, Debattierklubs wie der <a href=\"https:\/\/www.debattierklubwien.at\/\">Debattierklub Wien<\/a>, Kulturorganisationen wie&nbsp;<a href=\"https:\/\/viennacomix.at\/\"><span lang=\"en\">Vienna COMIX<\/span><\/a> oder <a href=\"https:\/\/www.viennagoeseurope.eu\/\" data-type=\"link\" data-id=\"https:\/\/www.viennagoeseurope.eu\/\"><span lang=\"en\">Vienna goes Europe<\/span><\/a> und <a href=\"https:\/\/vielmehr.at\/\">VIELMEHR<\/a>.<\/p>\n\n\n\n<h2 class=\"wp-block-heading\">Auszeichnungen<\/h2>\n\n\n\n<p>Der BEJ wurde in den letzten Jahren f\u00fcr seine gemeinn\u00fctzigen T\u00e4tigkeiten von und mit Jugendlichen mehrfach staatlich und international ausgezeichnet:<br><br><strong>Europa Staatspreis 2023<\/strong> der Republik \u00d6sterreich verliehen f\u00fcr #EUROPAgegenCovid19 <br><a href=\"https:\/\/www.ots.at\/presseaussendung\/OTS_20230511_OTS0075\/europa-staatspreis-2023-verliehen-an-europagegencovid19\">OTS Europastaatspreis 2023<\/a><\/p>\n\n\n\n<p><strong>Kaiser Maximilian Preis des Landes Tirol und der Stadt Innsbruck 2021<\/strong> f\u00fcr #EUROPAgegenCovid19 <br><a href=\"https:\/\/www.ots.at\/presseaussendung\/OTS_20211019_OTS0101\/kaiser-maximilian-preis-verliehen-an-europagegencovid19\">OTS Kaiser-Maximilian-Preis<\/a><\/p>\n\n\n\n<p><strong><span lang=\"en\">EU Civil Solidarity Prize<\/span> 2020<\/strong> verliehen durch das <span lang=\"en\">EESC<\/span> <br><a href=\"https:\/\/www.ots.at\/presseaussendung\/OTS_20210215_OTS0122\/europagegencovid19-initiative-ausgezeichnet-mit-eesc-civil-solidarity-prize-der-eu\">OTS <span lang=\"en\">EESC Civil-Solidarity-Prize<\/span> der EU<\/a><\/p>\n\n\n\n<p><strong>Europa Staatspreis 2018<\/strong> der Republik \u00d6sterreich verliehen f\u00fcr #EuropaCafe<br><a href=\"https:\/\/www.ots.at\/presseaussendung\/OTS_20181022_OTS0128\/wir-sind-europa-staatspreis-2018\">OTS Europa-Staatspreis 2018<\/a><\/p>\n\n\n\n<p><strong><span lang=\"en\">International Electoral Award<\/span> 2016<\/strong> (\u201e<span lang=\"en\">First Time Voter Award<\/span>\u201c) der <span lang=\"en\">International Electoral Commission<\/span> und <span lang=\"en\">ICPS<\/span> verliehen in Maputo, Mosambik f\u00fcr #EuropaClubs<br><a href=\"https:\/\/europainfo.at\/unsere-initiative-europaclubs-gewinnt-internationalen-erstwaehler-preis\/\">Europainfo.at: Europaclubs gewinnen Internationalen Erstw\u00e4hler-Preis<\/a><\/p>\n\n\n\n<p><strong>Europa Staatspreis 2016<\/strong> der Republik \u00d6sterreich verliehen f\u00fcr das Projekt #EuropaClubs<br><a href=\"https:\/\/www.bmeia.gv.at\/fileadmin\/user_upload\/Zentrale\/Europa\/Europa-Staatspreis\/Europa-Staatspreis_2016.pdf\">BMEIA: Europa-Staatspreis 2016<\/a><\/p>\n\n\n\n<p><strong><span lang=\"en\">International Electoral Award<\/span> 2015<\/strong> (\u201e<span lang=\"en\">First Time Voter Award<\/span>) der <span lang=\"en\">International Electoral Commission<\/span> und <span lang=\"en\">ICPS<\/span> verliehen in Mexiko f\u00fcr Europawahl Wahl Informationskampagne eu2014<br><a href=\"https:\/\/europainfo.at\/unsere-initiative-europaclubs-gewinnt-internationalen-erstwaehler-preis\/\">Europainfo.at: Europaclubs gewinnen Internationalen Erstw\u00e4hler-Preis<\/a><\/p>\n\n\n\n<p><strong>Europa Staatspreis 2015<\/strong> der Republik \u00d6sterreich verliehen f\u00fcr Europawahl Wahl Informationskampagne eu2014 &nbsp;<br><a href=\"https:\/\/www.bmeia.gv.at\/fileadmin\/user_upload\/Zentrale\/Europa\/Europa-Staatspreis\/Info-Mappe_Europastaatspreis.pdf\">BMEIA: Europastaatspreis 2015<\/a><\/p>\n\n\n\n<h2 class=\"wp-block-heading\">Unsere <span lang=\"en\">Social Media<\/span> Kan\u00e4le:<\/h2>\n\n\n\n<div class=\"wp-block-group is-layout-grid wp-container-core-group-is-layout-b6bd488e wp-block-group-is-layout-grid\">\n<figure class=\"wp-block-image size-thumbnail\"><a href=\"https:\/\/www.instagram.com\/bej_austria\/\" target=\"_blank\" rel=\" noreferrer noopener\"><img loading=\"lazy\" decoding=\"async\" width=\"150\" height=\"150\" src=\"https:\/\/www.bej.or.at\/wp-content\/uploads\/2025\/10\/instagram-150x150.jpg\" alt=\"\" class=\"wp-image-850\" srcset=\"https:\/\/www.bej.or.at\/wp-content\/uploads\/2025\/10\/instagram-150x150.jpg 150w, https:\/\/www.bej.or.at\/wp-content\/uploads\/2025\/10\/instagram-298x300.jpg 298w, https:\/\/www.bej.or.at\/wp-content\/uploads\/2025\/10\/instagram.jpg 518w\" sizes=\"auto, (max-width: 150px) 100vw, 150px\" \/><\/a><\/figure>\n\n\n\n<figure class=\"wp-block-image size-thumbnail\"><a href=\"https:\/\/www.tiktok.com\/@bej.at\" target=\"_blank\" rel=\" noreferrer noopener\"><img loading=\"lazy\" decoding=\"async\" width=\"150\" height=\"150\" src=\"https:\/\/www.bej.or.at\/wp-content\/uploads\/2025\/10\/TikTok-150x150.jpg\" alt=\"\" class=\"wp-image-852\" srcset=\"https:\/\/www.bej.or.at\/wp-content\/uploads\/2025\/10\/TikTok-150x150.jpg 150w, https:\/\/www.bej.or.at\/wp-content\/uploads\/2025\/10\/TikTok.jpg 242w\" sizes=\"auto, (max-width: 150px) 100vw, 150px\" \/><\/a><\/figure>\n\n\n\n<figure class=\"wp-block-image size-thumbnail\"><a href=\"https:\/\/www.linkedin.com\/company\/93814541\" target=\"_blank\" rel=\" noreferrer noopener\"><img loading=\"lazy\" decoding=\"async\" width=\"150\" height=\"150\" src=\"https:\/\/www.bej.or.at\/wp-content\/uploads\/2025\/10\/LinkedIn-150x150.png\" alt=\"\" class=\"wp-image-849\" srcset=\"https:\/\/www.bej.or.at\/wp-content\/uploads\/2025\/10\/LinkedIn-150x150.png 150w, https:\/\/www.bej.or.at\/wp-content\/uploads\/2025\/10\/LinkedIn-300x300.png 300w, https:\/\/www.bej.or.at\/wp-content\/uploads\/2025\/10\/LinkedIn-768x768.png 768w, https:\/\/www.bej.or.at\/wp-content\/uploads\/2025\/10\/LinkedIn.png 1024w\" sizes=\"auto, (max-width: 150px) 100vw, 150px\" \/><\/a><\/figure>\n\n\n\n<figure class=\"wp-block-image size-full\"><a href=\"https:\/\/www.facebook.com\/bej.austria\" target=\"_blank\" rel=\" noreferrer noopener\"><img loading=\"lazy\" decoding=\"async\" width=\"960\" height=\"960\" src=\"http:\/\/www.bej.or.at\/wp-content\/uploads\/2025\/10\/Facebook.png\" alt=\"\" class=\"wp-image-851\" srcset=\"https:\/\/www.bej.or.at\/wp-content\/uploads\/2025\/10\/Facebook.png 960w, https:\/\/www.bej.or.at\/wp-content\/uploads\/2025\/10\/Facebook-300x300.png 300w, https:\/\/www.bej.or.at\/wp-content\/uploads\/2025\/10\/Facebook-150x150.png 150w, https:\/\/www.bej.or.at\/wp-content\/uploads\/2025\/10\/Facebook-768x768.png 768w\" sizes=\"auto, (max-width: 767px) 89vw, (max-width: 1000px) 54vw, (max-width: 1071px) 543px, 580px\" \/><\/a><\/figure>\n\n\n\n<figure class=\"wp-block-image size-large\"><a href=\"https:\/\/x.com\/BEJ_at\" target=\"_blank\" rel=\" noreferrer noopener\"><img loading=\"lazy\" decoding=\"async\" width=\"1024\" height=\"1024\" src=\"http:\/\/www.bej.or.at\/wp-content\/uploads\/2025\/10\/X_logo-1024x1024.jpg\" alt=\"\" class=\"wp-image-853\" srcset=\"https:\/\/www.bej.or.at\/wp-content\/uploads\/2025\/10\/X_logo-1024x1024.jpg 1024w, https:\/\/www.bej.or.at\/wp-content\/uploads\/2025\/10\/X_logo-300x300.jpg 300w, https:\/\/www.bej.or.at\/wp-content\/uploads\/2025\/10\/X_logo-150x150.jpg 150w, https:\/\/www.bej.or.at\/wp-content\/uploads\/2025\/10\/X_logo-768x768.jpg 768w, https:\/\/www.bej.or.at\/wp-content\/uploads\/2025\/10\/X_logo-1536x1536.jpg 1536w, https:\/\/www.bej.or.at\/wp-content\/uploads\/2025\/10\/X_logo.jpg 1600w\" sizes=\"auto, (max-width: 767px) 89vw, (max-width: 1000px) 54vw, (max-width: 1071px) 543px, 580px\" \/><\/a><\/figure>\n\n\n\n<figure class=\"wp-block-image size-full\"><a href=\"https:\/\/bsky.app\/profile\/bej-at.bsky.social\" target=\"_blank\" rel=\" noreferrer noopener\"><img loading=\"lazy\" decoding=\"async\" width=\"297\" height=\"297\" src=\"http:\/\/www.bej.or.at\/wp-content\/uploads\/2025\/10\/bluesky.jpg\" alt=\"\" class=\"wp-image-848\" srcset=\"https:\/\/www.bej.or.at\/wp-content\/uploads\/2025\/10\/bluesky.jpg 297w, https:\/\/www.bej.or.at\/wp-content\/uploads\/2025\/10\/bluesky-150x150.jpg 150w\" sizes=\"auto, (max-width: 297px) 100vw, 297px\" \/><\/a><\/figure>\n<\/div>\n\n\n\n<hr class=\"wp-block-separator has-alpha-channel-opacity\"\/>\n\n\n\n<p>Die gemeinn\u00fctzige Arbeit des BEJ wird gem\u00e4\u00df Bundesjugendf\u00f6rderungsgesetz vom Bundeskanzleramt unterst\u00fctzt.<\/p>\n\n\n\n<figure class=\"wp-block-image size-medium\"><img loading=\"lazy\" decoding=\"async\" width=\"300\" height=\"26\" src=\"https:\/\/www.bej.or.at\/wp-content\/uploads\/2025\/10\/2560px-Bundeskanzleramt_AT_Logo.svg_-300x26.png\" alt=\"Logo des Bundeskanzleramts\" class=\"wp-image-837\" srcset=\"https:\/\/www.bej.or.at\/wp-content\/uploads\/2025\/10\/2560px-Bundeskanzleramt_AT_Logo.svg_-300x26.png 300w, https:\/\/www.bej.or.at\/wp-content\/uploads\/2025\/10\/2560px-Bundeskanzleramt_AT_Logo.svg_-1024x88.png 1024w, https:\/\/www.bej.or.at\/wp-content\/uploads\/2025\/10\/2560px-Bundeskanzleramt_AT_Logo.svg_-768x66.png 768w, https:\/\/www.bej.or.at\/wp-content\/uploads\/2025\/10\/2560px-Bundeskanzleramt_AT_Logo.svg_-1536x132.png 1536w, https:\/\/www.bej.or.at\/wp-content\/uploads\/2025\/10\/2560px-Bundeskanzleramt_AT_Logo.svg_-2048x176.png 2048w\" sizes=\"auto, (max-width: 300px) 100vw, 300px\" \/><\/figure>\n\n\n\n<p><\/p>\n","protected":false},"excerpt":{"rendered":"<p>Der BEJ\/JEF ist eine unabh\u00e4ngige, strikt \u00fcberparteiliche, \u00fcberkonfessionelle, demokratiebildende, gemeinn\u00fctzige und pro-europ\u00e4ische Kinder- und Jugendorganisation, die eigenst\u00e4ndige Aktivit\u00e4ten von und f\u00fcr Jugendliche umsetzt. Seit fast 70 Jahren setzen wir uns \u00fcberparteilich f\u00fcr Demokratie und ein gemeinsames Zusammenleben in einem friedlich vereinten Europa ein. Der BEJ\/JEF Bundesverband wurde am 24.08.1955 errichtet und ist das \u00e4lteste und &hellip; <\/p>\n<p class=\"link-more\"><a href=\"https:\/\/www.bej.or.at\/?page_id=12\" class=\"more-link\"><span class=\"screen-reader-text\">\u201e\u00dcber uns\u201c <\/span>weiterlesen<\/a><\/p>\n","protected":false},"author":1,"featured_media":0,"parent":0,"menu_order":0,"comment_status":"closed","ping_status":"closed","template":"","meta":{"footnotes":""},"class_list":["post-12","page","type-page","status-publish","hentry"],"_links":{"self":[{"href":"https:\/\/www.bej.or.at\/index.php?rest_route=\/wp\/v2\/pages\/12","targetHints":{"allow":["GET"]}}],"collection":[{"href":"https:\/\/www.bej.or.at\/index.php?rest_route=\/wp\/v2\/pages"}],"about":[{"href":"https:\/\/www.bej.or.at\/index.php?rest_route=\/wp\/v2\/types\/page"}],"author":[{"embeddable":true,"href":"https:\/\/www.bej.or.at\/index.php?rest_route=\/wp\/v2\/users\/1"}],"replies":[{"embeddable":true,"href":"https:\/\/www.bej.or.at\/index.php?rest_route=%2Fwp%2Fv2%2Fcomments&post=12"}],"version-history":[{"count":21,"href":"https:\/\/www.bej.or.at\/index.php?rest_route=\/wp\/v2\/pages\/12\/revisions"}],"predecessor-version":[{"id":926,"href":"https:\/\/www.bej.or.at\/index.php?rest_route=\/wp\/v2\/pages\/12\/revisions\/926"}],"wp:attachment":[{"href":"https:\/\/www.bej.or.at\/index.php?rest_route=%2Fwp%2Fv2%2Fmedia&parent=12"}],"curies":[{"name":"wp","href":"https:\/\/api.w.org\/{rel}","templated":true}]}}